{"id":41,"date":"2020-10-24T22:19:55","date_gmt":"2020-10-24T22:19:55","guid":{"rendered":"https:\/\/www.thinkbehaviorally.com\/?page_id=41"},"modified":"2021-02-27T05:55:14","modified_gmt":"2021-02-27T05:55:14","slug":"abatherapy","status":"publish","type":"page","link":"https:\/\/www.thinkbehaviorally.com\/es\/abatherapy\/","title":{"rendered":"Terapia ABA"},"content":{"rendered":"<h2 class=\"wp-block-heading\">\u00bfQu\u00e9 es ABA?<\/h2>\n\n\n\n<p><\/p>\n\n\n\n<p>El an\u00e1lisis de comportamiento aplicado (por sus siglas en ingl\u00e9s, ABA) es un m\u00e9todo terap\u00e9utico basado en los descubrimientos de la ciencia del aprendizaje y el comportamiento. La terapia ABA nos ayuda a determinar c\u00f3mo se lleva a cabo el aprendizaje de cada individuo y c\u00f3mo el entorno afecta su comportamiento. La Terapia ABA nos permite aplicar este conocimiento a situaciones de la vida real. Estos conceptos nos gu\u00edan en la ense\u00f1anza de nuevas habilidades y comportamientos. La Terapia ABA se puede utilizar para disminuir los problemas de comportamiento, aumentar las habilidades de comunicaci\u00f3n, mejorar las habilidades sociales y ense\u00f1ar habilidades fundamentales y acad\u00e9micas.<\/p>\n\n\n\n<p>Nuestro objetivo en Think Behaviorally es utilizar estas t\u00e9cnicas para individualizar el tratamiento para cada cliente en particular. Gracias a nuestra experiencia en educaci\u00f3n p\u00fablica, entendemos lo importante y necesario que es promover la independencia y habilidades de ense\u00f1anza \u00fatiles en la vida diaria. Priorizamos la comprensi\u00f3n de las necesidades de cada individuo y maximizamos el uso del refuerzo positivo.<\/p>\n\n\n\n<h2 class=\"wp-block-heading\">Seguro \/ Lista de Espera<\/h2>\n\n\n\n<p><\/p>\n\n\n\n<p>Si est\u00e1 interesado en recibir servicios con su cobertura de seguro m\u00e9dico, por favor complete el siguiente formulario.<\/p>\n\n\n\n<div class=\"wp-block-buttons is-layout-flex wp-block-buttons-is-layout-flex\">\n<div class=\"wp-block-button is-style-outline is-style-outline--1\"><a class=\"wp-block-button__link\" href=\"https:\/\/www.thinkbehaviorally.com\/es\/interestform\/\" style=\"border-radius:5px\">Formulario de Inter\u00e9s<\/a><\/div>\n<\/div>","protected":false},"excerpt":{"rendered":"<p>What is ABA? Applied Behavior Analysis (ABA) is based on the science of learning and behavior. ABA helps us determine how learning takes place and how behavior is affected by the environment. ABA Therapy allows us to apply this understanding to real-life situations. These concepts guide us in teaching new skills and behaviors. ABA Therapy can be used to decrease problem behaviors, increase communication skills, improve social skills, and teach foundational and academic skills. Our goal at Think Behaviorally is to use these techniques to individualize treatment for each unique client. With a background in public education, we understand the need for independence and teaching skills useful in everyday life. We prioritize understanding each individual&#8217;s needs and maximize the use of positive reinforcement. Insurance \/ Wait List If you are interested in receiving services with insurance coverage, please fill out the following form.<\/p>","protected":false},"author":1,"featured_media":0,"parent":0,"menu_order":0,"comment_status":"closed","ping_status":"closed","template":"","meta":{"cybocfi_hide_featured_image":"","footnotes":""},"class_list":["post-41","page","type-page","status-publish","hentry"],"_links":{"self":[{"href":"https:\/\/www.thinkbehaviorally.com\/es\/wp-json\/wp\/v2\/pages\/41","targetHints":{"allow":["GET"]}}],"collection":[{"href":"https:\/\/www.thinkbehaviorally.com\/es\/wp-json\/wp\/v2\/pages"}],"about":[{"href":"https:\/\/www.thinkbehaviorally.com\/es\/wp-json\/wp\/v2\/types\/page"}],"author":[{"embeddable":true,"href":"https:\/\/www.thinkbehaviorally.com\/es\/wp-json\/wp\/v2\/users\/1"}],"replies":[{"embeddable":true,"href":"https:\/\/www.thinkbehaviorally.com\/es\/wp-json\/wp\/v2\/comments?post=41"}],"version-history":[{"count":9,"href":"https:\/\/www.thinkbehaviorally.com\/es\/wp-json\/wp\/v2\/pages\/41\/revisions"}],"predecessor-version":[{"id":200,"href":"https:\/\/www.thinkbehaviorally.com\/es\/wp-json\/wp\/v2\/pages\/41\/revisions\/200"}],"wp:attachment":[{"href":"https:\/\/www.thinkbehaviorally.com\/es\/wp-json\/wp\/v2\/media?parent=41"}],"curies":[{"name":"wp","href":"https:\/\/api.w.org\/{rel}","templated":true}]}}