{"id":42,"date":"2020-10-24T22:19:55","date_gmt":"2020-10-24T22:19:55","guid":{"rendered":"https:\/\/www.thinkbehaviorally.com\/?page_id=42"},"modified":"2021-02-27T05:55:58","modified_gmt":"2021-02-27T05:55:58","slug":"educational","status":"publish","type":"page","link":"https:\/\/www.thinkbehaviorally.com\/es\/educational\/","title":{"rendered":"Apoyo Educativo"},"content":{"rendered":"<p><\/p>\n\n\n\n<div class=\"wp-block-columns is-layout-flex wp-container-core-columns-is-layout-28f84493 wp-block-columns-is-layout-flex\">\n<div class=\"wp-block-column is-layout-flow wp-block-column-is-layout-flow\">\n<h2 class=\"wp-block-heading\">Tutor\u00eda Acad\u00e9mica<\/h2>\n\n\n\n<p>\u00bfTiene dificultades para encontrar tutor\u00eda acad\u00e9mica para su hijo\/a con necesidades especiales? \u00a1Contamos con amplia experiencia en la ense\u00f1anza de Educaci\u00f3n Especial!<\/p>\n<\/div>\n\n\n\n<div class=\"wp-block-column is-layout-flow wp-block-column-is-layout-flow\">\n<h2 class=\"wp-block-heading\">Abogac\u00eda \/ Apoyo del IEP<\/h2>\n\n\n\n<p>\u00bfTiene un ni\u00f1o que recibe servicios de educaci\u00f3n especial en la escuela? Ya sea que est\u00e9 revisando el papeleo de su hijo o necesite que alguien asista a una reuni\u00f3n, \u00a1podemos ayudar con el proceso de ARD \/ IEP!<\/p>\n<\/div>\n<\/div>","protected":false},"excerpt":{"rendered":"<p>Academic Tutoring Struggling to find academic tutoring for your child with special needs? We have experience with teaching Special Education! Advocacy \/ IEP Support Have a child receiving Special Education services at school? Whether it is looking over your child&#8217;s paperwork or needing someone to attend a meeting, we can help with the ARD\/IEP process!<\/p>","protected":false},"author":1,"featured_media":0,"parent":0,"menu_order":0,"comment_status":"closed","ping_status":"closed","template":"","meta":{"cybocfi_hide_featured_image":"","footnotes":""},"class_list":["post-42","page","type-page","status-publish","hentry"],"_links":{"self":[{"href":"https:\/\/www.thinkbehaviorally.com\/es\/wp-json\/wp\/v2\/pages\/42","targetHints":{"allow":["GET"]}}],"collection":[{"href":"https:\/\/www.thinkbehaviorally.com\/es\/wp-json\/wp\/v2\/pages"}],"about":[{"href":"https:\/\/www.thinkbehaviorally.com\/es\/wp-json\/wp\/v2\/types\/page"}],"author":[{"embeddable":true,"href":"https:\/\/www.thinkbehaviorally.com\/es\/wp-json\/wp\/v2\/users\/1"}],"replies":[{"embeddable":true,"href":"https:\/\/www.thinkbehaviorally.com\/es\/wp-json\/wp\/v2\/comments?post=42"}],"version-history":[{"count":5,"href":"https:\/\/www.thinkbehaviorally.com\/es\/wp-json\/wp\/v2\/pages\/42\/revisions"}],"predecessor-version":[{"id":194,"href":"https:\/\/www.thinkbehaviorally.com\/es\/wp-json\/wp\/v2\/pages\/42\/revisions\/194"}],"wp:attachment":[{"href":"https:\/\/www.thinkbehaviorally.com\/es\/wp-json\/wp\/v2\/media?parent=42"}],"curies":[{"name":"wp","href":"https:\/\/api.w.org\/{rel}","templated":true}]}}