{"id":6,"date":"2020-10-24T21:39:58","date_gmt":"2020-10-24T21:39:58","guid":{"rendered":"https:\/\/www.thinkbehaviorally.com\/?page_id=6"},"modified":"2021-03-13T21:58:24","modified_gmt":"2021-03-13T21:58:24","slug":"the-new-umoma-opens-its-doors-2","status":"publish","type":"page","link":"https:\/\/www.thinkbehaviorally.com\/es\/","title":{"rendered":"Terapia ABA"},"content":{"rendered":"<div class=\"wp-block-group is-layout-flow wp-block-group-is-layout-flow\"><div class=\"wp-block-group__inner-container\"><\/div><\/div>\n\n\n\n<div class=\"wp-block-columns is-layout-flex wp-container-core-columns-is-layout-28f84493 wp-block-columns-is-layout-flex\">\n<div class=\"wp-block-column is-layout-flow wp-block-column-is-layout-flow\">\n<h2 class=\"wp-block-heading\">Nuestra Misi\u00f3n<\/h2>\n\n\n\n<p>En Think Behaviorally nos dedicamos a brindar servicios transparentes y de calidad a nuestros clientes. Nos enorgullecemos en contar con amplia experiencia en el \u00e1rea cl\u00ednica, as\u00ed como a\u00f1os de servicio en el \u00e1rea educativa, lo cual nos brinda la certidumbre de priorizar y fomentar independencia en nuestros clientes. Creemos en mirar a la familia como una unidad global, por lo que incorporamos servicios variados que se adapten a las necesidades individuales de cada familia.<\/p>\n<\/div>\n\n\n\n<div class=\"wp-block-column is-layout-flow wp-block-column-is-layout-flow\">\n<h2 class=\"wp-block-heading\">Nuestros Servicios<\/h2>\n\n\n\n<p>Ofrecemos un enfoque personalizado, adaptando los m\u00e9todos de aprendizaje a las necesidades de cada cliente. Nuestros servicios incluyen terapia ABA en el hogar, tutor\u00eda acad\u00e9mica para personas con necesidades especiales, capacitaci\u00f3n y apoyo para padres, as\u00ed como apoyo IEP \/ ARD para los clientes que asisten a la escuela. Actualmente ofrecemos servicios a domicilio.<\/p>\n<\/div>\n<\/div>\n\n\n\n<div class=\"wp-block-group alignwide\"><div class=\"wp-block-group__inner-container is-layout-flow wp-block-group-is-layout-flow\">\n<figure class=\"wp-block-pullquote\"><blockquote><p><strong>Aaron G\u00f3mez, M.Ed., BCBA<\/strong><\/p><cite>&nbsp;Profesional de la educaci\u00f3n consumado y orientado a resultados con un compromiso con el crecimiento y desarrollo acad\u00e9mico de sus estudiantes. Un \u00e9xito notable al proporcionar a los estudiantes las herramientas y habilidades necesarias para construir y avanzar hacia un marco de \u00e9xito. Aaron es un maestro certificado de Texas en las \u00e1reas de educaci\u00f3n biling\u00fce y educaci\u00f3n especial, as\u00ed como un analista de comportamiento certificado por la junta (BCBA).<\/cite><\/blockquote><\/figure>\n\n\n\n<div class=\"wp-block-group is-layout-flow wp-block-group-is-layout-flow\"><div class=\"wp-block-group__inner-container\"><\/div><\/div>\n<\/div><\/div>\n\n\n\n<div class=\"wp-block-group alignwide\"><div class=\"wp-block-group__inner-container is-layout-flow wp-block-group-is-layout-flow\">\n<div class=\"wp-block-image is-style-rounded\"><figure class=\"aligncenter size-large\"><img fetchpriority=\"high\" decoding=\"async\" width=\"340\" height=\"424\" src=\"https:\/\/www.thinkbehaviorally.com\/wp-content\/uploads\/2020\/10\/Aaron-Gomez-e1603581180129.png\" alt=\"\" class=\"wp-image-62\"\/><\/figure><\/div>\n<\/div><\/div>\n\n\n\n<div class=\"wp-block-buttons is-content-justification-center is-layout-flex wp-block-buttons-is-layout-flex\">\n<div class=\"wp-block-button is-style-outline is-style-outline--1\" id=\"Aaron's-Story\"><a class=\"wp-block-button__link\" href=\"https:\/\/www.thinkbehaviorally.com\/es\/?page_id=7\" style=\"border-radius:4px\">La Historia de Aaron<\/a><\/div>\n<\/div>\n\n\n\n<p><\/p>\n\n\n\n<p><\/p>\n\n\n\n<div class=\"wp-block-group\"><div class=\"wp-block-group__inner-container is-layout-flow wp-block-group-is-layout-flow\">\n<div class=\"wp-block-group is-layout-flow wp-block-group-is-layout-flow\"><div class=\"wp-block-group__inner-container\"><\/div><\/div>\n\n\n\n<p><\/p>\n<\/div><\/div>\n\n\n\n<div class=\"wp-block-group is-layout-flow wp-block-group-is-layout-flow\"><div class=\"wp-block-group__inner-container\"><\/div><\/div>","protected":false},"excerpt":{"rendered":"<p>Our Mission We are dedicated to providing transparent and quality services. With a background in clinical settings and years in public education, our priority is independence. We believe in understanding the family as a whole and incorporating services conducive to each family\u2019s individual needs. Our Services We provide a personal approach, tailoring learning methods to each client&#8217;s needs. Our services include in-home ABA Therapy, academic tutoring for individuals with special needs, parent training and support, as well as IEP\/ARD support for clients attending school. We are currently offering in-home services. Aaron G\u00f3mez, M.Ed., BCBA &nbsp;Accomplished and results-driven education professional with a commitment to student growth, development, and academic success. A notable success in providing students with the tools and skills required to build and advance toward a framework of success. Aaron is a certified Texas Teacher in the areas of Bilingual Education and Special Education, as well as a Board Certified Behavior Analyst (BCBA).<\/p>","protected":false},"author":1,"featured_media":176,"parent":0,"menu_order":0,"comment_status":"closed","ping_status":"closed","template":"","meta":{"cybocfi_hide_featured_image":"yes","footnotes":""},"class_list":["post-6","page","type-page","status-publish","has-post-thumbnail","hentry"],"_links":{"self":[{"href":"https:\/\/www.thinkbehaviorally.com\/es\/wp-json\/wp\/v2\/pages\/6","targetHints":{"allow":["GET"]}}],"collection":[{"href":"https:\/\/www.thinkbehaviorally.com\/es\/wp-json\/wp\/v2\/pages"}],"about":[{"href":"https:\/\/www.thinkbehaviorally.com\/es\/wp-json\/wp\/v2\/types\/page"}],"author":[{"embeddable":true,"href":"https:\/\/www.thinkbehaviorally.com\/es\/wp-json\/wp\/v2\/users\/1"}],"replies":[{"embeddable":true,"href":"https:\/\/www.thinkbehaviorally.com\/es\/wp-json\/wp\/v2\/comments?post=6"}],"version-history":[{"count":26,"href":"https:\/\/www.thinkbehaviorally.com\/es\/wp-json\/wp\/v2\/pages\/6\/revisions"}],"predecessor-version":[{"id":203,"href":"https:\/\/www.thinkbehaviorally.com\/es\/wp-json\/wp\/v2\/pages\/6\/revisions\/203"}],"wp:featuredmedia":[{"embeddable":true,"href":"https:\/\/www.thinkbehaviorally.com\/es\/wp-json\/wp\/v2\/media\/176"}],"wp:attachment":[{"href":"https:\/\/www.thinkbehaviorally.com\/es\/wp-json\/wp\/v2\/media?parent=6"}],"curies":[{"name":"wp","href":"https:\/\/api.w.org\/{rel}","templated":true}]}}