{"id":7,"date":"2020-10-24T21:39:58","date_gmt":"2020-10-24T21:39:58","guid":{"rendered":"https:\/\/www.thinkbehaviorally.com\/?page_id=7"},"modified":"2021-02-27T05:51:06","modified_gmt":"2021-02-27T05:51:06","slug":"aaronsstory","status":"publish","type":"page","link":"https:\/\/www.thinkbehaviorally.com\/es\/aaronsstory\/","title":{"rendered":"La Historia de Aaron"},"content":{"rendered":"<div class=\"wp-block-group\"><div class=\"wp-block-group__inner-container is-layout-flow wp-block-group-is-layout-flow\">\n<div class=\"wp-block-columns is-layout-flex wp-container-core-columns-is-layout-28f84493 wp-block-columns-is-layout-flex\">\n<div class=\"wp-block-column is-layout-flow wp-block-column-is-layout-flow\" style=\"flex-basis:33.33%\">\n<figure class=\"wp-block-image size-large is-style-rounded\"><img fetchpriority=\"high\" decoding=\"async\" width=\"1024\" height=\"969\" src=\"https:\/\/www.thinkbehaviorally.com\/wp-content\/uploads\/2020\/10\/8fa1a677-545e-439d-b134-aac92a4f76fb.jpg\" alt=\"\" class=\"wp-image-112\" srcset=\"https:\/\/www.thinkbehaviorally.com\/wp-content\/uploads\/2020\/10\/8fa1a677-545e-439d-b134-aac92a4f76fb.jpg 1024w, https:\/\/www.thinkbehaviorally.com\/wp-content\/uploads\/2020\/10\/8fa1a677-545e-439d-b134-aac92a4f76fb-300x284.jpg 300w, https:\/\/www.thinkbehaviorally.com\/wp-content\/uploads\/2020\/10\/8fa1a677-545e-439d-b134-aac92a4f76fb-768x727.jpg 768w, https:\/\/www.thinkbehaviorally.com\/wp-content\/uploads\/2020\/10\/8fa1a677-545e-439d-b134-aac92a4f76fb-13x12.jpg 13w\" sizes=\"(max-width: 1024px) 100vw, 1024px\" \/><\/figure>\n\n\n\n<figure class=\"wp-block-image size-large is-style-rounded\"><img decoding=\"async\" width=\"776\" height=\"845\" src=\"https:\/\/www.thinkbehaviorally.com\/wp-content\/uploads\/2020\/10\/6ef1c8e9-465e-4539-9b56-0653e5e9a1b6.jpg\" alt=\"\" class=\"wp-image-120\" srcset=\"https:\/\/www.thinkbehaviorally.com\/wp-content\/uploads\/2020\/10\/6ef1c8e9-465e-4539-9b56-0653e5e9a1b6.jpg 776w, https:\/\/www.thinkbehaviorally.com\/wp-content\/uploads\/2020\/10\/6ef1c8e9-465e-4539-9b56-0653e5e9a1b6-276x300.jpg 276w, https:\/\/www.thinkbehaviorally.com\/wp-content\/uploads\/2020\/10\/6ef1c8e9-465e-4539-9b56-0653e5e9a1b6-768x836.jpg 768w, https:\/\/www.thinkbehaviorally.com\/wp-content\/uploads\/2020\/10\/6ef1c8e9-465e-4539-9b56-0653e5e9a1b6-11x12.jpg 11w\" sizes=\"(max-width: 776px) 100vw, 776px\" \/><\/figure>\n<\/div>\n\n\n\n<div class=\"wp-block-column is-layout-flow wp-block-column-is-layout-flow\" style=\"flex-basis:66.66%\">\n<p>Los padres de Aaron se establecieron en Houston en la d\u00e9cada de los setenta cuando ambos eran adolescentes. A pesar de que ambos emigraron de Monterrey, M\u00e9xico, se conocieron en Houston. La madre de Aaron fue la primera integrante de su familia de diez hermanos en graduarse de la preparatoria y conseguir su certificaci\u00f3n como maestra biling\u00fce a nivel de maestr\u00eda. Tanto su padre como su madre estuvieron decididos a darles a Aaron y a sus dos hermanos mayores oportunidades que no les resultaron f\u00e1ciles a ellos mismos. Aaron realiz\u00f3 su carrera educativa en distrito escolar de Fort Bend, gradu\u00e1ndose de la escuela Travis High School.<\/p>\n\n\n\n<p>Al graduarse de secundaria, Aaron considero todas las posibilidades para su futuro. Teniendo una madre y sus dos hermanos trabajando en el \u00e1rea de educaci\u00f3n, Aaron decidi\u00f3 intentar un camino diferente. Complet\u00f3 su Licenciatura en Psicolog\u00eda en la Universidad de Texas en San Antonio (UTSA) a los veinte a\u00f1os. Al completar su t\u00edtulo, trabaj\u00f3 en el distrito escolar de San Antonio, Northside como paraprofesional de Educaci\u00f3n Especial en una unidad aut\u00f3noma, trabajando con estudiantes con trastornos emocionales. Poco despu\u00e9s, decidi\u00f3 regresar a su hogar en Houston para trabajar como terapeuta en una cl\u00ednica ABA. Siempre en b\u00fasqueda de ampliar sus horizontes, Aaron complet\u00f3 un programa de certificaci\u00f3n alternativo, certific\u00e1ndose para ense\u00f1ar Educaci\u00f3n Biling\u00fce y Educaci\u00f3n Especial. Lo que pens\u00f3 que seria un trabajo temporal como maestro, llevo a Aaron a sus mayores satisfacciones profesionales.<\/p>\n\n\n\n<p>Aaron trabaj\u00f3 en el distrito escolar de Fort Bend (FBISD) como maestro biling\u00fce de recursos especializados. Trabajo no solo con estudiantes con discapacidades, sino tambi\u00e9n con estudiantes que necesitaban apoyo para aprender ingl\u00e9s como segundo idioma. Mientras realizaba su carrera de educador, Aaron extra\u00f1aba el aspecto conductual de la cl\u00ednica ABA y comenz\u00f3 a cursar su Maestr\u00eda en An\u00e1lisis de Comportamiento Aplicado (ABA), y a su vez utilizo sus vacaciones de verano como maestro para trabajar y adquirir mayor experiencia en varias cl\u00ednicas de ABA. Al finalizar su maestr\u00eda, Aaron lider\u00f3 e implement\u00f3 un programa de ense\u00f1anza especializado para estudiantes diagnosticados con autismo de alto funcionamiento en FBISD. Luego de establecer el programa, acept\u00f3 la responsabilidad de ser un especialista en comportamiento en el distrito de Pearland, apoyando a los veintitr\u00e9s campus que lo conforman. Una vez que cumpli\u00f3 con los requisitos pr\u00e1cticos y aprob\u00f3 el examen profesional, Aaron recibi\u00f3 la credencial de Analista de Comportamiento Certificado por la Junta (BCBA). Con esta certificaci\u00f3n, acept\u00f3 una posici\u00f3n en FBISD como BCBA a nivel del distrito.<\/p>\n\n\n\n<p>A Aaron le apasiona brindar terapia ABA con \u00e9nfasis en la independencia e integrar con \u00e9xito a sus clientes en el entorno educativo. Al ver la necesidad de las familias con las que ha trabajado, Aaron quiere desplegar un servicio poco ofrecido en el \u00e1rea de Houston para aquellas familias con estudiantes de educaci\u00f3n especial. Adem\u00e1s, cree que la familia es la base de un ni\u00f1o y considera el bienestar de la familia como un todo en su tratamiento.<\/p>\n<\/div>\n<\/div>\n<\/div><\/div>\n\n\n\n<div class=\"wp-block-group is-layout-flow wp-block-group-is-layout-flow\"><div class=\"wp-block-group__inner-container\"><\/div><\/div>","protected":false},"excerpt":{"rendered":"<p>Aaron&#8217;s parents moved to the Houston area in the 1970s as teenagers. They both migrated from Monterrey, Mexico; however, they crossed paths in Houston. Aaron&#8217;s mother was the first in her family of 10 to graduate High School and become a Master&#8217;s level, Bilingual Teacher. They were determined to give Aaron and his two older siblings opportunities that did not come easy to them. Aaron attended Fort Bend ISD for his educational career and graduated from Travis High School. With his mother and two siblings in education, Aaron thought he should attempt a different path. He completed his Bachelor&#8217;s in Psychology at The University of Texas at San Antonio (UTSA) at age 20. Upon completion of his degree, he worked at Northside ISD as a Special Ed. Paraprofessional in a self-contained unit, working with students with emotional disorders. Soon after, he decided to return home to Houston to work as a Direct Therapist at an ABA Clinic. Looking to grow his career, Aaron completed an alternative certification program, where he became certified to teach Bilingual Education and Special Education. What began as a temporary job brought Aaron to this moment. Aaron worked in Fort Bend ISD (FBISD) as an Elementary Bilingual Resource Teacher. He served not only students with disabilities but also students who required support in learning English as a second language. While teaching, Aaron missed the ABA clinic&#8217;s behavior aspect and began to pursue his Master&#8217;s in Applied Behavior Analysis (ABA). He spent summertimes working at various ABA clinics. Upon completion of his Master&#8217;s, Aaron piloted a High Functioning Autism program in FBISD. Following his years in teaching, he accepted a position in Pearland ISD as District Level Behavior Specialist, in which he supported the district&#8217;s 23 campuses. Once he fulfilled the requirements and passed the examination, Aaron received the credential of Board Certified Behavior Analyst (BCBA). With this certification, he was able to return to FBISD as a District Level BCBA. Aaron is passionate about providing ABA Therapy with an emphasis on independence and successfully integrating his clients into the educational setting. Seeing the need in families he has worked with, Aaron wants to support Special Education students with academic support outside the classroom that is not readily available. Additionally, he believes the family is the foundation of a child and considers the family&#8217;s well-being as a whole in his treatment.<\/p>","protected":false},"author":1,"featured_media":0,"parent":0,"menu_order":0,"comment_status":"closed","ping_status":"closed","template":"","meta":{"cybocfi_hide_featured_image":"","footnotes":""},"class_list":["post-7","page","type-page","status-publish","hentry"],"_links":{"self":[{"href":"https:\/\/www.thinkbehaviorally.com\/es\/wp-json\/wp\/v2\/pages\/7","targetHints":{"allow":["GET"]}}],"collection":[{"href":"https:\/\/www.thinkbehaviorally.com\/es\/wp-json\/wp\/v2\/pages"}],"about":[{"href":"https:\/\/www.thinkbehaviorally.com\/es\/wp-json\/wp\/v2\/types\/page"}],"author":[{"embeddable":true,"href":"https:\/\/www.thinkbehaviorally.com\/es\/wp-json\/wp\/v2\/users\/1"}],"replies":[{"embeddable":true,"href":"https:\/\/www.thinkbehaviorally.com\/es\/wp-json\/wp\/v2\/comments?post=7"}],"version-history":[{"count":6,"href":"https:\/\/www.thinkbehaviorally.com\/es\/wp-json\/wp\/v2\/pages\/7\/revisions"}],"predecessor-version":[{"id":197,"href":"https:\/\/www.thinkbehaviorally.com\/es\/wp-json\/wp\/v2\/pages\/7\/revisions\/197"}],"wp:attachment":[{"href":"https:\/\/www.thinkbehaviorally.com\/es\/wp-json\/wp\/v2\/media?parent=7"}],"curies":[{"name":"wp","href":"https:\/\/api.w.org\/{rel}","templated":true}]}}